{"id":539,"date":"2025-10-06T06:42:48","date_gmt":"2025-10-06T06:42:48","guid":{"rendered":"https:\/\/staging.stickobot.com\/?page_id=539"},"modified":"2025-12-17T16:18:39","modified_gmt":"2025-12-17T16:18:39","slug":"carrieres","status":"publish","type":"page","link":"https:\/\/staging.stickobot.com\/en\/carrieres\/","title":{"rendered":"Careers"},"content":{"rendered":"\t\t<div data-elementor-type=\"wp-page\" data-elementor-id=\"539\" class=\"elementor elementor-539\">\n\t\t\t\t<div class=\"elementor-element elementor-element-04515f0 e-flex e-con-boxed e-con e-parent\" data-id=\"04515f0\" data-element_type=\"container\" data-e-type=\"container\" data-settings=\"{&quot;background_background&quot;:&quot;classic&quot;}\">\n\t\t\t\t\t<div class=\"e-con-inner\">\n\t\t<div class=\"elementor-element elementor-element-769adbf e-con-full animated-slow e-flex elementor-invisible e-con e-child\" data-id=\"769adbf\" data-element_type=\"container\" data-e-type=\"container\" data-settings=\"{&quot;animation&quot;:&quot;fadeInUp&quot;}\">\n\t\t\t\t<div class=\"elementor-element elementor-element-69641c3 elementor-widget elementor-widget-heading\" data-id=\"69641c3\" data-element_type=\"widget\" data-e-type=\"widget\" data-widget_type=\"heading.default\">\n\t\t\t\t\t<h1 class=\"elementor-heading-title elementor-size-default\">Carri\u00e8res<\/h1>\t\t\t\t<\/div>\n\t\t\t\t<\/div>\n\t\t\t\t\t<\/div>\n\t\t\t\t<\/div>\n\t\t<div class=\"elementor-element elementor-element-88afc5d e-con-full e-flex e-con e-parent\" data-id=\"88afc5d\" data-element_type=\"container\" data-e-type=\"container\" data-settings=\"{&quot;background_background&quot;:&quot;classic&quot;}\">\n\t\t\t\t<div class=\"elementor-element elementor-element-76631a8 elementor-widget elementor-widget-text-editor\" data-id=\"76631a8\" data-element_type=\"widget\" data-e-type=\"widget\" data-widget_type=\"text-editor.default\">\n\t\t\t\t\t\t\t\t\t<marquee>\n  Un seul outil, des applications infinies |\nNe faites qu&rsquo;un avec la machine |\nUn seul et unique stylet tactile rechargeable sans fil pour robot universel\n<\/marquee>\n\t\t\t\t\t\t\t\t<\/div>\n\t\t\t\t<\/div>\n\t\t<div class=\"elementor-element elementor-element-51d1063 e-flex e-con-boxed e-con e-parent\" data-id=\"51d1063\" data-element_type=\"container\" data-e-type=\"container\" data-settings=\"{&quot;background_background&quot;:&quot;classic&quot;}\">\n\t\t\t\t\t<div class=\"e-con-inner\">\n\t\t<div class=\"elementor-element elementor-element-5beb137 e-con-full e-flex e-con e-child\" data-id=\"5beb137\" data-element_type=\"container\" data-e-type=\"container\">\n\t\t\t\t<div class=\"elementor-element elementor-element-da66d3a elementor-widget elementor-widget-heading\" data-id=\"da66d3a\" data-element_type=\"widget\" data-e-type=\"widget\" data-widget_type=\"heading.default\">\n\t\t\t\t\t<p class=\"elementor-heading-title elementor-size-default\">Faites partie de quelque chose de plus grand<\/p>\t\t\t\t<\/div>\n\t\t\t\t<div class=\"elementor-element elementor-element-9a67663 elementor-widget__width-inherit elementor-widget elementor-widget-heading\" data-id=\"9a67663\" data-element_type=\"widget\" data-e-type=\"widget\" data-widget_type=\"heading.default\">\n\t\t\t\t\t<h1 class=\"elementor-heading-title elementor-size-default\">Rejoigner l'\u00e9quipe <\/h1>\t\t\t\t<\/div>\n\t\t\t\t<div class=\"elementor-element elementor-element-e55a49e elementor-widget__width-initial elementor-widget elementor-widget-heading\" data-id=\"e55a49e\" data-element_type=\"widget\" data-e-type=\"widget\" data-widget_type=\"heading.default\">\n\t\t\t\t\t<h1 class=\"elementor-heading-title elementor-size-default\">Tech<span style=\"color:#F02404\">JIG<\/span>\n\n<\/h1>\t\t\t\t<\/div>\n\t\t\t\t<div class=\"elementor-element elementor-element-21e570c elementor-widget elementor-widget-text-editor\" data-id=\"21e570c\" data-element_type=\"widget\" data-e-type=\"widget\" data-widget_type=\"text-editor.default\">\n\t\t\t\t\t\t\t\t\t<p>TechJig est \u00e0 l\u2019<strong>avant-garde<\/strong>\u00a0de la robotique collaborative, transformant les industries avec des solutions\u00a0<strong>innovantes<\/strong>.<\/p><div class=\"tatsu-module tatsu-text-block-wrap tatsu-B1TGUAD06  \"><div class=\"tatsu-text-inner tatsu-align-center  clearfix\"><p>Si vous \u00eates\u00a0<strong>passionn\u00e9<\/strong>\u00a0par la technologie et que vous souhaitez faire partie d\u2019une \u00e9quipe\u00a0<strong>dynamique<\/strong>\u00a0et en pleine croissance, nous aimerions vous rencontrer!<\/p><\/div><\/div><div class=\"tatsu-single-image tatsu-module align-center tatsu-image-lazyload tatsu-SkiDwCDRp  \"><div class=\"tatsu-single-image-inner \"><div class=\"tatsu-single-image-padding-wrap\">\u00a0<\/div><\/div><\/div>\t\t\t\t\t\t\t\t<\/div>\n\t\t\t\t<div class=\"elementor-element elementor-element-df28208 elementor-widget-tablet__width-inherit elementor-widget elementor-widget-shortcode\" data-id=\"df28208\" data-element_type=\"widget\" data-e-type=\"widget\" data-widget_type=\"shortcode.default\">\n\t\t\t\t\t\t\t<div class=\"elementor-shortcode\">\n<div class=\"wpcf7 no-js\" id=\"wpcf7-f610-o1\" lang=\"en-US\" dir=\"ltr\" data-wpcf7-id=\"610\">\n<div class=\"screen-reader-response\"><p role=\"status\" aria-live=\"polite\" aria-atomic=\"true\"><\/p> <ul><\/ul><\/div>\n<form action=\"\/en\/wp-json\/wp\/v2\/pages\/539#wpcf7-f610-o1\" method=\"post\" class=\"wpcf7-form init\" aria-label=\"Contact form\" enctype=\"multipart\/form-data\" novalidate=\"novalidate\" data-status=\"init\">\n<fieldset class=\"hidden-fields-container\"><input type=\"hidden\" name=\"_wpcf7\" value=\"610\" \/><input type=\"hidden\" name=\"_wpcf7_version\" value=\"6.1.5\" \/><input type=\"hidden\" name=\"_wpcf7_locale\" value=\"en_US\" \/><input type=\"hidden\" name=\"_wpcf7_unit_tag\" value=\"wpcf7-f610-o1\" \/><input type=\"hidden\" name=\"_wpcf7_container_post\" value=\"0\" \/><input type=\"hidden\" name=\"_wpcf7_posted_data_hash\" value=\"\" \/>\n<\/fieldset>\n<div class=\"career-form-wrap\">\n\t<div class=\"form-row\">\n\t\t<div class=\"form-group half\">\n\t\t\t<p><label>Pr\u00e9nom *<br \/>\n<span class=\"wpcf7-form-control-wrap\" data-name=\"prenom\"><input size=\"40\" maxlength=\"400\" class=\"wpcf7-form-control wpcf7-text wpcf7-validates-as-required\" aria-required=\"true\" aria-invalid=\"false\" placeholder=\"Pr\u00e9nom\" value=\"\" type=\"text\" name=\"prenom\" \/><\/span><br \/>\n<\/label>\n\t\t\t<\/p>\n\t\t<\/div>\n\t\t<div class=\"form-group half\">\n\t\t\t<p><label>Nom de famille *<br \/>\n<span class=\"wpcf7-form-control-wrap\" data-name=\"nomdefamille\"><input size=\"40\" maxlength=\"400\" class=\"wpcf7-form-control wpcf7-text wpcf7-validates-as-required\" aria-required=\"true\" aria-invalid=\"false\" placeholder=\"Nom de famille\" value=\"\" type=\"text\" name=\"nomdefamille\" \/><\/span><br \/>\n<\/label>\n\t\t\t<\/p>\n\t\t<\/div>\n\t<\/div>\n\t<div class=\"form-row\">\n\t\t<div class=\"form-group half\">\n\t\t\t<p><label>E-mail *<br \/>\n<span class=\"wpcf7-form-control-wrap\" data-name=\"email\"><input size=\"40\" maxlength=\"400\" class=\"wpcf7-form-control wpcf7-email wpcf7-validates-as-required wpcf7-text wpcf7-validates-as-email\" aria-required=\"true\" aria-invalid=\"false\" placeholder=\"E-mail\" value=\"\" type=\"email\" name=\"email\" \/><\/span><br \/>\n<\/label>\n\t\t\t<\/p>\n\t\t<\/div>\n\t\t<div class=\"form-group half\">\n\t\t\t<p><label>T\u00e9l\u00e9phone *<br \/>\n<span class=\"wpcf7-form-control-wrap\" data-name=\"telephone\"><input size=\"40\" maxlength=\"400\" class=\"wpcf7-form-control wpcf7-tel wpcf7-validates-as-required wpcf7-text wpcf7-validates-as-tel\" aria-required=\"true\" aria-invalid=\"false\" placeholder=\"Entrez votre num\u00e9ro de t\u00e9l\u00e9phone\" value=\"\" type=\"tel\" name=\"telephone\" \/><\/span><br \/>\n<\/label>\n\t\t\t<\/p>\n\t\t<\/div>\n\t<\/div>\n\t<div class=\"form-row\">\n\t\t<div class=\"form-group full\">\n\t\t\t<p><label>Y a-t-il autre chose que vous aimeriez nous dire sur vous-m\u00eame ? *<br \/>\n<span class=\"wpcf7-form-control-wrap\" data-name=\"message\"><textarea cols=\"40\" rows=\"10\" maxlength=\"2000\" class=\"wpcf7-form-control wpcf7-textarea wpcf7-validates-as-required\" aria-required=\"true\" aria-invalid=\"false\" placeholder=\"Y a-t-il autre chose que vous aimeriez nous dire sur vous-m\u00eame ?\" name=\"message\"><\/textarea><\/span><br \/>\n<\/label>\n\t\t\t<\/p>\n\t\t<\/div>\n\t<\/div>\n\t<div class=\"form-row\">\n\t\t<div class=\"form-group full\">\n\t\t\t<p><label>T\u00e9l\u00e9chargez votre CV<\/label>\n\t\t\t<\/p>\n\n <!-- Bouton + texte personnalis\u00e9s -->\n\t\t\t<p><label class=\"custom-file-label\" for=\"cv-upload\">Choisir un fichier<\/label><br \/>\n<span class=\"custom-file-name\" id=\"cv-file-name\">Aucun fichier choisi<\/span>\n\t\t\t<\/p>\n\n <!-- Le vrai champ fichier (cach\u00e9 par CSS) -->\n\t\t\t<p><span class=\"wpcf7-form-control-wrap\" data-name=\"Upload\"><input size=\"40\" class=\"wpcf7-form-control wpcf7-file wpcf7-validates-as-required\" id=\"cv-upload\" accept=\".pdf,.doc,.docx\" aria-required=\"true\" aria-invalid=\"false\" type=\"file\" name=\"Upload\" \/><\/span>\n\t\t\t<\/p>\n\t\t<\/div>\n\t<\/div>\n\t<div class=\"form-row submit-row\">\n\t\t<p><input class=\"wpcf7-form-control wpcf7-submit has-spinner\" type=\"submit\" value=\"Envoyer un message\" \/>\n\t\t<\/p>\n\t<\/div>\n<\/div><p style=\"display: none !important;\" class=\"akismet-fields-container\" data-prefix=\"_wpcf7_ak_\"><label>&#916;<textarea name=\"_wpcf7_ak_hp_textarea\" cols=\"45\" rows=\"8\" maxlength=\"100\"><\/textarea><\/label><input type=\"hidden\" id=\"ak_js_1\" name=\"_wpcf7_ak_js\" value=\"91\"\/><script>document.getElementById( \"ak_js_1\" ).setAttribute( \"value\", ( new Date() ).getTime() );<\/script><\/p><input type='hidden' class='wpcf7-pum' value='{\"closepopup\":false,\"closedelay\":0,\"openpopup\":false,\"openpopup_id\":0}' \/><div class=\"wpcf7-response-output\" aria-hidden=\"true\"><\/div>\n<\/form>\n<\/div>\n<\/div>\n\t\t\t\t\t\t<\/div>\n\t\t\t\t<\/div>\n\t\t<div class=\"elementor-element elementor-element-aa6064a e-con-full e-flex e-con e-child\" data-id=\"aa6064a\" data-element_type=\"container\" data-e-type=\"container\" data-settings=\"{&quot;background_background&quot;:&quot;classic&quot;}\">\n\t\t\t\t<\/div>\n\t\t\t\t\t<\/div>\n\t\t\t\t<\/div>\n\t\t<div class=\"elementor-element elementor-element-23df298 e-flex e-con-boxed e-con e-parent\" data-id=\"23df298\" data-element_type=\"container\" data-e-type=\"container\">\n\t\t\t\t\t<div class=\"e-con-inner\">\n\t\t\t\t<div class=\"elementor-element elementor-element-876c384 elementor-widget elementor-widget-html\" data-id=\"876c384\" data-element_type=\"widget\" data-e-type=\"widget\" data-widget_type=\"html.default\">\n\t\t\t\t\t<script>\r\ndocument.addEventListener(\"change\", function(e){\r\n  if (e.target && e.target.id === \"cv-upload\") {\r\n    var fileName = \"Aucun fichier choisi\";\r\n    if (e.target.files && e.target.files.length > 0) {\r\n      fileName = e.target.files[0].name;\r\n    }\r\n    var output = document.getElementById(\"cv-file-name\");\r\n    if (output) {\r\n      output.textContent = fileName;\r\n    }\r\n  }\r\n});\r\n<\/script>\r\n\t\t\t\t<\/div>\n\t\t\t\t\t<\/div>\n\t\t\t\t<\/div>\n\t\t\t\t<\/div>\n\t\t\n    <div class=\"xs_social_share_widget xs_share_url after_content \t\tmain_content  wslu-style-1 wslu-share-box-shaped wslu-fill-colored wslu-none wslu-share-horizontal wslu-theme-font-no wslu-main_content\">\n\n\t\t\n        <ul>\n\t\t\t        <\/ul>\n    <\/div> \n","protected":false},"excerpt":{"rendered":"<p>Carri\u00e8res Un seul outil, des applications infinies | Ne faites qu&rsquo;un avec la machine | Un seul et unique stylet tactile rechargeable sans fil pour robot universel Faites partie de quelque chose de plus grand Rejoigner l&rsquo;\u00e9quipe TechJIG TechJig est \u00e0 l\u2019avant-garde\u00a0de la robotique collaborative, transformant les industries avec des solutions\u00a0innovantes. Si vous \u00eates\u00a0passionn\u00e9\u00a0par la [&hellip;]<\/p>\n","protected":false},"author":2,"featured_media":0,"parent":0,"menu_order":0,"comment_status":"closed","ping_status":"closed","template":"","meta":{"postBodyCss":"","postBodyMargin":[],"postBodyPadding":[],"postBodyBackground":{"backgroundType":"classic","gradient":""},"footnotes":""},"class_list":["post-539","page","type-page","status-publish","hentry"],"yoast_head":"<!-- This site is optimized with the Yoast SEO plugin v27.4 - https:\/\/yoast.com\/product\/yoast-seo-wordpress\/ -->\n<title>Carri\u00e8res - Stickobot<\/title>\n<meta name=\"robots\" content=\"noindex, follow, max-snippet:-1, max-image-preview:large, max-video-preview:-1\" \/>\n<meta property=\"og:locale\" content=\"en_US\" \/>\n<meta property=\"og:type\" content=\"article\" \/>\n<meta property=\"og:title\" content=\"Carri\u00e8res - Stickobot\" \/>\n<meta property=\"og:description\" content=\"Carri\u00e8res Un seul outil, des applications infinies | Ne faites qu&rsquo;un avec la machine | Un seul et unique stylet tactile rechargeable sans fil pour robot universel Faites partie de quelque chose de plus grand Rejoigner l&rsquo;\u00e9quipe TechJIG TechJig est \u00e0 l\u2019avant-garde\u00a0de la robotique collaborative, transformant les industries avec des solutions\u00a0innovantes. Si vous \u00eates\u00a0passionn\u00e9\u00a0par la [&hellip;]\" \/>\n<meta property=\"og:url\" content=\"https:\/\/staging.stickobot.com\/en\/carrieres\/\" \/>\n<meta property=\"og:site_name\" content=\"Stickobot\" \/>\n<meta property=\"article:publisher\" content=\"https:\/\/www.facebook.com\/profile.php?id=61583789220353\" \/>\n<meta property=\"article:modified_time\" content=\"2025-12-17T16:18:39+00:00\" \/>\n<meta name=\"twitter:card\" content=\"summary_large_image\" \/>\n<meta name=\"twitter:label1\" content=\"Est. reading time\" \/>\n\t<meta name=\"twitter:data1\" content=\"1 minute\" \/>\n<script type=\"application\/ld+json\" class=\"yoast-schema-graph\">{\"@context\":\"https:\\\/\\\/schema.org\",\"@graph\":[{\"@type\":\"WebPage\",\"@id\":\"https:\\\/\\\/staging.stickobot.com\\\/carrieres\\\/\",\"url\":\"https:\\\/\\\/staging.stickobot.com\\\/carrieres\\\/\",\"name\":\"Carri\u00e8res - Stickobot\",\"isPartOf\":{\"@id\":\"https:\\\/\\\/staging.stickobot.com\\\/#website\"},\"datePublished\":\"2025-10-06T06:42:48+00:00\",\"dateModified\":\"2025-12-17T16:18:39+00:00\",\"breadcrumb\":{\"@id\":\"https:\\\/\\\/staging.stickobot.com\\\/carrieres\\\/#breadcrumb\"},\"inLanguage\":\"en-US\",\"potentialAction\":[{\"@type\":\"ReadAction\",\"target\":[\"https:\\\/\\\/staging.stickobot.com\\\/carrieres\\\/\"]}]},{\"@type\":\"BreadcrumbList\",\"@id\":\"https:\\\/\\\/staging.stickobot.com\\\/carrieres\\\/#breadcrumb\",\"itemListElement\":[{\"@type\":\"ListItem\",\"position\":1,\"name\":\"Home\",\"item\":\"https:\\\/\\\/staging.stickobot.com\\\/\"},{\"@type\":\"ListItem\",\"position\":2,\"name\":\"Carri\u00e8res\"}]},{\"@type\":\"WebSite\",\"@id\":\"https:\\\/\\\/staging.stickobot.com\\\/#website\",\"url\":\"https:\\\/\\\/staging.stickobot.com\\\/\",\"name\":\"SticK\u00f4bot\",\"description\":\"\",\"publisher\":{\"@id\":\"https:\\\/\\\/staging.stickobot.com\\\/#organization\"},\"potentialAction\":[{\"@type\":\"SearchAction\",\"target\":{\"@type\":\"EntryPoint\",\"urlTemplate\":\"https:\\\/\\\/staging.stickobot.com\\\/?s={search_term_string}\"},\"query-input\":{\"@type\":\"PropertyValueSpecification\",\"valueRequired\":true,\"valueName\":\"search_term_string\"}}],\"inLanguage\":\"en-US\"},{\"@type\":\"Organization\",\"@id\":\"https:\\\/\\\/staging.stickobot.com\\\/#organization\",\"name\":\"TechJig\",\"url\":\"https:\\\/\\\/staging.stickobot.com\\\/\",\"logo\":{\"@type\":\"ImageObject\",\"inLanguage\":\"en-US\",\"@id\":\"https:\\\/\\\/staging.stickobot.com\\\/#\\\/schema\\\/logo\\\/image\\\/\",\"url\":\"https:\\\/\\\/staging.stickobot.com\\\/wp-content\\\/uploads\\\/2025\\\/11\\\/Slide-2.jpg\",\"contentUrl\":\"https:\\\/\\\/staging.stickobot.com\\\/wp-content\\\/uploads\\\/2025\\\/11\\\/Slide-2.jpg\",\"width\":1280,\"height\":720,\"caption\":\"TechJig\"},\"image\":{\"@id\":\"https:\\\/\\\/staging.stickobot.com\\\/#\\\/schema\\\/logo\\\/image\\\/\"},\"sameAs\":[\"https:\\\/\\\/www.facebook.com\\\/profile.php?id=61583789220353\"]}]}<\/script>\n<!-- \/ Yoast SEO plugin. -->","yoast_head_json":{"title":"Carri\u00e8res - Stickobot","robots":{"index":"noindex","follow":"follow","max-snippet":"max-snippet:-1","max-image-preview":"max-image-preview:large","max-video-preview":"max-video-preview:-1"},"og_locale":"en_US","og_type":"article","og_title":"Carri\u00e8res - Stickobot","og_description":"Carri\u00e8res Un seul outil, des applications infinies | Ne faites qu&rsquo;un avec la machine | Un seul et unique stylet tactile rechargeable sans fil pour robot universel Faites partie de quelque chose de plus grand Rejoigner l&rsquo;\u00e9quipe TechJIG TechJig est \u00e0 l\u2019avant-garde\u00a0de la robotique collaborative, transformant les industries avec des solutions\u00a0innovantes. Si vous \u00eates\u00a0passionn\u00e9\u00a0par la [&hellip;]","og_url":"https:\/\/staging.stickobot.com\/en\/carrieres\/","og_site_name":"Stickobot","article_publisher":"https:\/\/www.facebook.com\/profile.php?id=61583789220353","article_modified_time":"2025-12-17T16:18:39+00:00","twitter_card":"summary_large_image","twitter_misc":{"Est. reading time":"1 minute"},"schema":{"@context":"https:\/\/schema.org","@graph":[{"@type":"WebPage","@id":"https:\/\/staging.stickobot.com\/carrieres\/","url":"https:\/\/staging.stickobot.com\/carrieres\/","name":"Carri\u00e8res - Stickobot","isPartOf":{"@id":"https:\/\/staging.stickobot.com\/#website"},"datePublished":"2025-10-06T06:42:48+00:00","dateModified":"2025-12-17T16:18:39+00:00","breadcrumb":{"@id":"https:\/\/staging.stickobot.com\/carrieres\/#breadcrumb"},"inLanguage":"en-US","potentialAction":[{"@type":"ReadAction","target":["https:\/\/staging.stickobot.com\/carrieres\/"]}]},{"@type":"BreadcrumbList","@id":"https:\/\/staging.stickobot.com\/carrieres\/#breadcrumb","itemListElement":[{"@type":"ListItem","position":1,"name":"Home","item":"https:\/\/staging.stickobot.com\/"},{"@type":"ListItem","position":2,"name":"Carri\u00e8res"}]},{"@type":"WebSite","@id":"https:\/\/staging.stickobot.com\/#website","url":"https:\/\/staging.stickobot.com\/","name":"SticK\u00f4bot","description":"","publisher":{"@id":"https:\/\/staging.stickobot.com\/#organization"},"potentialAction":[{"@type":"SearchAction","target":{"@type":"EntryPoint","urlTemplate":"https:\/\/staging.stickobot.com\/?s={search_term_string}"},"query-input":{"@type":"PropertyValueSpecification","valueRequired":true,"valueName":"search_term_string"}}],"inLanguage":"en-US"},{"@type":"Organization","@id":"https:\/\/staging.stickobot.com\/#organization","name":"TechJig","url":"https:\/\/staging.stickobot.com\/","logo":{"@type":"ImageObject","inLanguage":"en-US","@id":"https:\/\/staging.stickobot.com\/#\/schema\/logo\/image\/","url":"https:\/\/staging.stickobot.com\/wp-content\/uploads\/2025\/11\/Slide-2.jpg","contentUrl":"https:\/\/staging.stickobot.com\/wp-content\/uploads\/2025\/11\/Slide-2.jpg","width":1280,"height":720,"caption":"TechJig"},"image":{"@id":"https:\/\/staging.stickobot.com\/#\/schema\/logo\/image\/"},"sameAs":["https:\/\/www.facebook.com\/profile.php?id=61583789220353"]}]}},"_links":{"self":[{"href":"https:\/\/staging.stickobot.com\/en\/wp-json\/wp\/v2\/pages\/539","targetHints":{"allow":["GET"]}}],"collection":[{"href":"https:\/\/staging.stickobot.com\/en\/wp-json\/wp\/v2\/pages"}],"about":[{"href":"https:\/\/staging.stickobot.com\/en\/wp-json\/wp\/v2\/types\/page"}],"author":[{"embeddable":true,"href":"https:\/\/staging.stickobot.com\/en\/wp-json\/wp\/v2\/users\/2"}],"replies":[{"embeddable":true,"href":"https:\/\/staging.stickobot.com\/en\/wp-json\/wp\/v2\/comments?post=539"}],"version-history":[{"count":49,"href":"https:\/\/staging.stickobot.com\/en\/wp-json\/wp\/v2\/pages\/539\/revisions"}],"predecessor-version":[{"id":1049,"href":"https:\/\/staging.stickobot.com\/en\/wp-json\/wp\/v2\/pages\/539\/revisions\/1049"}],"wp:attachment":[{"href":"https:\/\/staging.stickobot.com\/en\/wp-json\/wp\/v2\/media?parent=539"}],"curies":[{"name":"wp","href":"https:\/\/api.w.org\/{rel}","templated":true}]}}